{"id":1970,"date":"2016-02-19T14:14:40","date_gmt":"2016-02-19T14:14:40","guid":{"rendered":"https:\/\/www.gianbattista.it\/cms\/?page_id=1970"},"modified":"2016-09-18T14:58:35","modified_gmt":"2016-09-18T14:58:35","slug":"convincente","status":"publish","type":"page","link":"https:\/\/www.gianbattista.it\/cms\/convincente\/","title":{"rendered":"comunicAzione conVincente"},"content":{"rendered":"<p>[et_pb_section admin_label=&#8221;Sezione&#8221; fullwidth=&#8221;on&#8221; specialty=&#8221;off&#8221; transparent_background=&#8221;off&#8221; allow_player_pause=&#8221;off&#8221; inner_shadow=&#8221;off&#8221; parallax=&#8221;off&#8221; parallax_method=&#8221;off&#8221; padding_mobile=&#8221;off&#8221; make_fullwidth=&#8221;off&#8221; use_custom_width=&#8221;off&#8221; width_unit=&#8221;on&#8221; make_equal=&#8221;off&#8221; use_custom_gutter=&#8221;off&#8221;][et_pb_fullwidth_code admin_label=&#8221;Video tempo&#8221;]&lt;iframe src=&#8221;https:\/\/player.vimeo.com\/video\/58519602&#8243; width=&#8221;640&#8243; height=&#8221;360&#8243; frameborder=&#8221;0&#8243; webkitallowfullscreen mozallowfullscreen allowfullscreen&gt;&lt;\/iframe&gt;[\/et_pb_fullwidth_code][\/et_pb_section][et_pb_section admin_label=&#8221;Sezione&#8221; fullwidth=&#8221;off&#8221; specialty=&#8221;off&#8221;][et_pb_row admin_label=&#8221;Riga&#8221;][et_pb_column type=&#8221;4_4&#8243;][et_pb_text admin_label=&#8221;Spiegazione&#8221; background_layout=&#8221;light&#8221; text_orientation=&#8221;justified&#8221; use_border_color=&#8221;off&#8221; border_color=&#8221;#ffffff&#8221; border_style=&#8221;solid&#8221;]<\/p>\n<h2 style=\"text-align: justify;\">comunicAzione conVincente &#8211; cosa \u00e8? comunicAzione conVincente \u00e8 comunicAzione responsAbile<\/h2>\n<h3 style=\"text-align: justify;\">Aiuto persone di successo a creare soluzioni comunicative, attraverso strumenti multimediali e applicazioni tecnologiche avanzate, per far conoscere, promuovere e vendere ci\u00f2 che esse realizzano utilizzando l\u2019arte della Magia e il Potere della Parola.<\/h3>\n<h3>Vi \u00e8 mai successo di assistere a una presentazione noiosa? Perch\u00e9 lo era? Per caso il relatore usava slide piene di testo? Oppure leggeva la presentazione facendovi sentire analfabeti? Quando parlava si mangiava le parole?\u00a0<strong>Emotivit\u00e0 ed emozioni uguale a Zero.<\/strong><\/h3>\n<h3 style=\"text-align: justify;\">Un vecchio detto citava: <strong>&#8220;Non esiste una seconda occasione per fare una prima buona impressione.&#8221;<\/strong><\/h3>\n<h3 style=\"text-align: justify;\">Cosa facciamo noi per voi? Per iniziare a collaborare come primo passo\u00a0presentiamo i nostri\u00a0migliori\u00a0strumenti. Facciamo formAzione?<\/h3>\n<h3 style=\"text-align: justify;\"><strong>Facciamo <a href=\"https:\/\/www.gianbattista.it\/cms\/soluzioni-comunicare-modo-convincente\/\">formAzione<\/a> e comunicAzione ConVincente. Proprio questo!\u00a0Creiamo e formiamo l\u2019Azione stessa.<\/strong><\/h3>\n<h3 style=\"text-align: justify;\">Usiamo l&#8217;immensa Magia e l&#8217;ipnosi conversazionale che c&#8217;\u00e8 in voi e il potere di far &#8220;accadere le cose&#8221;, al punto da rimanere stupiti noi stessi delle qualit\u00e0 che avete e della potenza e della facilit\u00e0 con il quale potete da soli ottenere i risultati gi\u00e0 dopo poche ore di formazione.<\/h3>\n<h3 style=\"text-align: justify;\">Facendovi domande e utilizzando\u00a0<strong>tecniche d\u2019ipnosi conversazionale<\/strong> consapevole (tutti usiamo in modo inconsapevole queste favolose tecniche) ve le spieghiamo dalla prima all\u2019ultima AZIONE e vi insegniamo come\u00a0usarle in modo pratico.<\/h3>\n<h3 style=\"text-align: justify;\">Per esempio: ti piacerebbe scrivere una lettera e centrare i tuoi obbiettivi e ricevere nei tempi giusti una chiamata\u00a0che\u00a0racchiude la nuova soluzione finale?<\/h3>\n<h1 style=\"text-align: justify;\"><span style=\"color: #ff0000;\">la Magia e il Potere delle Parole<\/span><\/h1>\n<h4>un&#8217;azione\u00a0<strong>ConVincente<\/strong><\/h4>\n<p>[\/et_pb_text][\/et_pb_column][\/et_pb_row][\/et_pb_section]<\/p>\n","protected":false},"excerpt":{"rendered":"<p>Aiuto persone di successo a creare soluzioni comunicative, attraverso strumenti multimediali e applicazioni tecnologiche avanzate, per far conoscere, promuovere e vendere ci\u00f2 che esse realizzano utilizzando l\u2019arte della Magia e il Potere della Parola.<\/p>\n","protected":false},"author":2,"featured_media":1593,"parent":0,"menu_order":0,"comment_status":"closed","ping_status":"closed","template":"","meta":{"_et_pb_use_builder":"on","_et_pb_old_content":"","_et_gb_content_width":"","footnotes":""},"yoast_head":"<!-- This site is optimized with the Yoast SEO plugin v23.4 - https:\/\/yoast.com\/wordpress\/plugins\/seo\/ -->\n<title>comunicAzione conVincente - Gian Battista Gualdi<\/title>\n<meta name=\"description\" content=\"Aiuto persone di successo a creare soluzioni comunicative, attraverso strumenti multimediali e applicazioni tecnologiche avanzate, per far conoscere\" \/>\n<meta name=\"robots\" content=\"index, follow, max-snippet:-1, max-image-preview:large, max-video-preview:-1\" \/>\n<link rel=\"canonical\" href=\"https:\/\/www.gianbattista.it\/cms\/convincente\/\" \/>\n<meta property=\"og:locale\" content=\"it_IT\" \/>\n<meta property=\"og:type\" content=\"article\" \/>\n<meta property=\"og:title\" content=\"comunicAzione conVincente - Gian Battista Gualdi\" \/>\n<meta property=\"og:description\" content=\"Aiuto persone di successo a creare soluzioni comunicative, attraverso strumenti multimediali e applicazioni tecnologiche avanzate, per far conoscere\" \/>\n<meta property=\"og:url\" content=\"https:\/\/www.gianbattista.it\/cms\/convincente\/\" \/>\n<meta property=\"og:site_name\" content=\"Gian Battista Gualdi\" \/>\n<meta property=\"article:publisher\" content=\"https:\/\/www.facebook.com\/gianbattistagualdi\" \/>\n<meta property=\"article:modified_time\" content=\"2016-09-18T14:58:35+00:00\" \/>\n<meta property=\"og:image\" content=\"https:\/\/www.gianbattista.it\/cms\/wp-content\/uploads\/2014\/07\/gg2.jpg\" \/>\n\t<meta property=\"og:image:width\" content=\"940\" \/>\n\t<meta property=\"og:image:height\" content=\"360\" \/>\n\t<meta property=\"og:image:type\" content=\"image\/jpeg\" \/>\n<meta name=\"twitter:label1\" content=\"Tempo di lettura stimato\" \/>\n\t<meta name=\"twitter:data1\" content=\"2 minuti\" \/>\n<script type=\"application\/ld+json\" class=\"yoast-schema-graph\">{\"@context\":\"https:\/\/schema.org\",\"@graph\":[{\"@type\":\"WebPage\",\"@id\":\"https:\/\/www.gianbattista.it\/cms\/convincente\/\",\"url\":\"https:\/\/www.gianbattista.it\/cms\/convincente\/\",\"name\":\"comunicAzione conVincente - Gian Battista Gualdi\",\"isPartOf\":{\"@id\":\"https:\/\/www.gianbattista.it\/cms\/#website\"},\"primaryImageOfPage\":{\"@id\":\"https:\/\/www.gianbattista.it\/cms\/convincente\/#primaryimage\"},\"image\":{\"@id\":\"https:\/\/www.gianbattista.it\/cms\/convincente\/#primaryimage\"},\"thumbnailUrl\":\"https:\/\/www.gianbattista.it\/cms\/wp-content\/uploads\/2014\/07\/gg2.jpg\",\"datePublished\":\"2016-02-19T14:14:40+00:00\",\"dateModified\":\"2016-09-18T14:58:35+00:00\",\"description\":\"Aiuto persone di successo a creare soluzioni comunicative, attraverso strumenti multimediali e applicazioni tecnologiche avanzate, per far conoscere\",\"breadcrumb\":{\"@id\":\"https:\/\/www.gianbattista.it\/cms\/convincente\/#breadcrumb\"},\"inLanguage\":\"it-IT\",\"potentialAction\":[{\"@type\":\"ReadAction\",\"target\":[\"https:\/\/www.gianbattista.it\/cms\/convincente\/\"]}]},{\"@type\":\"ImageObject\",\"inLanguage\":\"it-IT\",\"@id\":\"https:\/\/www.gianbattista.it\/cms\/convincente\/#primaryimage\",\"url\":\"https:\/\/www.gianbattista.it\/cms\/wp-content\/uploads\/2014\/07\/gg2.jpg\",\"contentUrl\":\"https:\/\/www.gianbattista.it\/cms\/wp-content\/uploads\/2014\/07\/gg2.jpg\",\"width\":940,\"height\":360,\"caption\":\"Gian Battista Gualdi\"},{\"@type\":\"BreadcrumbList\",\"@id\":\"https:\/\/www.gianbattista.it\/cms\/convincente\/#breadcrumb\",\"itemListElement\":[{\"@type\":\"ListItem\",\"position\":1,\"name\":\"Home\",\"item\":\"https:\/\/www.gianbattista.it\/cms\/\"},{\"@type\":\"ListItem\",\"position\":2,\"name\":\"comunicAzione conVincente\"}]},{\"@type\":\"WebSite\",\"@id\":\"https:\/\/www.gianbattista.it\/cms\/#website\",\"url\":\"https:\/\/www.gianbattista.it\/cms\/\",\"name\":\"Gian Battista Gualdi\",\"description\":\"chiediti sempre il meglio\",\"publisher\":{\"@id\":\"https:\/\/www.gianbattista.it\/cms\/#organization\"},\"potentialAction\":[{\"@type\":\"SearchAction\",\"target\":{\"@type\":\"EntryPoint\",\"urlTemplate\":\"https:\/\/www.gianbattista.it\/cms\/?s={search_term_string}\"},\"query-input\":{\"@type\":\"PropertyValueSpecification\",\"valueRequired\":true,\"valueName\":\"search_term_string\"}}],\"inLanguage\":\"it-IT\"},{\"@type\":\"Organization\",\"@id\":\"https:\/\/www.gianbattista.it\/cms\/#organization\",\"name\":\"Gian Battista Gualdi\",\"url\":\"https:\/\/www.gianbattista.it\/cms\/\",\"logo\":{\"@type\":\"ImageObject\",\"inLanguage\":\"it-IT\",\"@id\":\"https:\/\/www.gianbattista.it\/cms\/#\/schema\/logo\/image\/\",\"url\":\"https:\/\/www.gianbattista.it\/cms\/wp-content\/uploads\/2016\/07\/GBG150.png\",\"contentUrl\":\"https:\/\/www.gianbattista.it\/cms\/wp-content\/uploads\/2016\/07\/GBG150.png\",\"width\":105,\"height\":70,\"caption\":\"Gian Battista Gualdi\"},\"image\":{\"@id\":\"https:\/\/www.gianbattista.it\/cms\/#\/schema\/logo\/image\/\"},\"sameAs\":[\"https:\/\/www.facebook.com\/gianbattistagualdi\",\"https:\/\/x.com\/gualdigb\",\"https:\/\/www.linkedin.com\/in\/gian-battista-gualdi-08781941?authType=NAME_SEARCH&amp;amp;amp;authToken=gMGk&amp;amp;amp;locale=it_IT&amp;amp;amp;trk=tyah&amp;amp;amp;trkInfo=clickedVertical:mynetwork,clickedEntityId:148340263,authType:NAME_SEARCH,idx:1-1-1,tarId:1467301191561,tas:gian battista\",\"https:\/\/www.youtube.com\/channel\/UC-02_zSXunzSWcH89_GVN_w\"]}]}<\/script>\n<!-- \/ Yoast SEO plugin. -->","yoast_head_json":{"title":"comunicAzione conVincente - Gian Battista Gualdi","description":"Aiuto persone di successo a creare soluzioni comunicative, attraverso strumenti multimediali e applicazioni tecnologiche avanzate, per far conoscere","robots":{"index":"index","follow":"follow","max-snippet":"max-snippet:-1","max-image-preview":"max-image-preview:large","max-video-preview":"max-video-preview:-1"},"canonical":"https:\/\/www.gianbattista.it\/cms\/convincente\/","og_locale":"it_IT","og_type":"article","og_title":"comunicAzione conVincente - Gian Battista Gualdi","og_description":"Aiuto persone di successo a creare soluzioni comunicative, attraverso strumenti multimediali e applicazioni tecnologiche avanzate, per far conoscere","og_url":"https:\/\/www.gianbattista.it\/cms\/convincente\/","og_site_name":"Gian Battista Gualdi","article_publisher":"https:\/\/www.facebook.com\/gianbattistagualdi","article_modified_time":"2016-09-18T14:58:35+00:00","og_image":[{"width":940,"height":360,"url":"https:\/\/www.gianbattista.it\/cms\/wp-content\/uploads\/2014\/07\/gg2.jpg","type":"image\/jpeg"}],"twitter_misc":{"Tempo di lettura stimato":"2 minuti"},"schema":{"@context":"https:\/\/schema.org","@graph":[{"@type":"WebPage","@id":"https:\/\/www.gianbattista.it\/cms\/convincente\/","url":"https:\/\/www.gianbattista.it\/cms\/convincente\/","name":"comunicAzione conVincente - Gian Battista Gualdi","isPartOf":{"@id":"https:\/\/www.gianbattista.it\/cms\/#website"},"primaryImageOfPage":{"@id":"https:\/\/www.gianbattista.it\/cms\/convincente\/#primaryimage"},"image":{"@id":"https:\/\/www.gianbattista.it\/cms\/convincente\/#primaryimage"},"thumbnailUrl":"https:\/\/www.gianbattista.it\/cms\/wp-content\/uploads\/2014\/07\/gg2.jpg","datePublished":"2016-02-19T14:14:40+00:00","dateModified":"2016-09-18T14:58:35+00:00","description":"Aiuto persone di successo a creare soluzioni comunicative, attraverso strumenti multimediali e applicazioni tecnologiche avanzate, per far conoscere","breadcrumb":{"@id":"https:\/\/www.gianbattista.it\/cms\/convincente\/#breadcrumb"},"inLanguage":"it-IT","potentialAction":[{"@type":"ReadAction","target":["https:\/\/www.gianbattista.it\/cms\/convincente\/"]}]},{"@type":"ImageObject","inLanguage":"it-IT","@id":"https:\/\/www.gianbattista.it\/cms\/convincente\/#primaryimage","url":"https:\/\/www.gianbattista.it\/cms\/wp-content\/uploads\/2014\/07\/gg2.jpg","contentUrl":"https:\/\/www.gianbattista.it\/cms\/wp-content\/uploads\/2014\/07\/gg2.jpg","width":940,"height":360,"caption":"Gian Battista Gualdi"},{"@type":"BreadcrumbList","@id":"https:\/\/www.gianbattista.it\/cms\/convincente\/#breadcrumb","itemListElement":[{"@type":"ListItem","position":1,"name":"Home","item":"https:\/\/www.gianbattista.it\/cms\/"},{"@type":"ListItem","position":2,"name":"comunicAzione conVincente"}]},{"@type":"WebSite","@id":"https:\/\/www.gianbattista.it\/cms\/#website","url":"https:\/\/www.gianbattista.it\/cms\/","name":"Gian Battista Gualdi","description":"chiediti sempre il meglio","publisher":{"@id":"https:\/\/www.gianbattista.it\/cms\/#organization"},"potentialAction":[{"@type":"SearchAction","target":{"@type":"EntryPoint","urlTemplate":"https:\/\/www.gianbattista.it\/cms\/?s={search_term_string}"},"query-input":{"@type":"PropertyValueSpecification","valueRequired":true,"valueName":"search_term_string"}}],"inLanguage":"it-IT"},{"@type":"Organization","@id":"https:\/\/www.gianbattista.it\/cms\/#organization","name":"Gian Battista Gualdi","url":"https:\/\/www.gianbattista.it\/cms\/","logo":{"@type":"ImageObject","inLanguage":"it-IT","@id":"https:\/\/www.gianbattista.it\/cms\/#\/schema\/logo\/image\/","url":"https:\/\/www.gianbattista.it\/cms\/wp-content\/uploads\/2016\/07\/GBG150.png","contentUrl":"https:\/\/www.gianbattista.it\/cms\/wp-content\/uploads\/2016\/07\/GBG150.png","width":105,"height":70,"caption":"Gian Battista Gualdi"},"image":{"@id":"https:\/\/www.gianbattista.it\/cms\/#\/schema\/logo\/image\/"},"sameAs":["https:\/\/www.facebook.com\/gianbattistagualdi","https:\/\/x.com\/gualdigb","https:\/\/www.linkedin.com\/in\/gian-battista-gualdi-08781941?authType=NAME_SEARCH&amp;amp;amp;authToken=gMGk&amp;amp;amp;locale=it_IT&amp;amp;amp;trk=tyah&amp;amp;amp;trkInfo=clickedVertical:mynetwork,clickedEntityId:148340263,authType:NAME_SEARCH,idx:1-1-1,tarId:1467301191561,tas:gian battista","https:\/\/www.youtube.com\/channel\/UC-02_zSXunzSWcH89_GVN_w"]}]}},"_links":{"self":[{"href":"https:\/\/www.gianbattista.it\/cms\/wp-json\/wp\/v2\/pages\/1970"}],"collection":[{"href":"https:\/\/www.gianbattista.it\/cms\/wp-json\/wp\/v2\/pages"}],"about":[{"href":"https:\/\/www.gianbattista.it\/cms\/wp-json\/wp\/v2\/types\/page"}],"author":[{"embeddable":true,"href":"https:\/\/www.gianbattista.it\/cms\/wp-json\/wp\/v2\/users\/2"}],"replies":[{"embeddable":true,"href":"https:\/\/www.gianbattista.it\/cms\/wp-json\/wp\/v2\/comments?post=1970"}],"version-history":[{"count":0,"href":"https:\/\/www.gianbattista.it\/cms\/wp-json\/wp\/v2\/pages\/1970\/revisions"}],"wp:featuredmedia":[{"embeddable":true,"href":"https:\/\/www.gianbattista.it\/cms\/wp-json\/wp\/v2\/media\/1593"}],"wp:attachment":[{"href":"https:\/\/www.gianbattista.it\/cms\/wp-json\/wp\/v2\/media?parent=1970"}],"curies":[{"name":"wp","href":"https:\/\/api.w.org\/{rel}","templated":true}]}}