{"id":2080,"date":"2016-06-05T14:58:44","date_gmt":"2016-06-05T12:58:44","guid":{"rendered":"https:\/\/www.gianbattista.it\/cms\/?page_id=2080"},"modified":"2020-10-01T10:01:06","modified_gmt":"2020-10-01T08:01:06","slug":"soluzioni-comunicare-modo-convincente","status":"publish","type":"page","link":"https:\/\/www.gianbattista.it\/cms\/soluzioni-comunicare-modo-convincente\/","title":{"rendered":"corsi per comunicare in modo conVincente"},"content":{"rendered":"<p>[et_pb_section fb_built=&#8221;1&#8243; fullwidth=&#8221;on&#8221; admin_label=&#8221;Sezione&#8221; _builder_version=&#8221;3.22&#8243;][et_pb_fullwidth_image src=&#8221;https:\/\/www.gianbattista.it\/cms\/wp-content\/uploads\/2016\/06\/oscar-banner2.png&#8221; alt=&#8221;Comuinicare&#8221; title_text=&#8221;Comunicare&#8221; admin_label=&#8221;Immagine a Larghezza Intera&#8221; _builder_version=&#8221;4.0.3&#8243; animation_style=&#8221;slide&#8221; animation_direction=&#8221;left&#8221; animation_duration=&#8221;500ms&#8221; animation_intensity_slide=&#8221;10%&#8221; animation=&#8221;left&#8221; use_border_color=&#8221;off&#8221; border_color=&#8221;#ffffff&#8221; border_style=&#8221;solid&#8221;][\/et_pb_fullwidth_image][\/et_pb_section][et_pb_section fb_built=&#8221;1&#8243; admin_label=&#8221;section&#8221; _builder_version=&#8221;3.22&#8243;][et_pb_row padding_mobile=&#8221;off&#8221; column_padding_mobile=&#8221;on&#8221; admin_label=&#8221;corsi&#8221; _builder_version=&#8221;3.25&#8243; background_size=&#8221;initial&#8221; background_position=&#8221;top_left&#8221; background_repeat=&#8221;repeat&#8221; make_fullwidth=&#8221;off&#8221; use_custom_width=&#8221;off&#8221; width_unit=&#8221;on&#8221;][et_pb_column type=&#8221;4_4&#8243; _builder_version=&#8221;3.25&#8243; custom_padding=&#8221;|||&#8221; custom_padding__hover=&#8221;|||&#8221;][et_pb_blog fullwidth=&#8221;off&#8221; posts_number=&#8221;6&#8243; include_categories=&#8221;39&#8243; meta_date=&#8221;j, M Y&#8221; show_more=&#8221;on&#8221; show_author=&#8221;off&#8221; show_date=&#8221;off&#8221; show_categories=&#8221;off&#8221; admin_label=&#8221;Blog&#8221; _builder_version=&#8221;3.0.94&#8243; use_border_color=&#8221;off&#8221; border_color=&#8221;#ffffff&#8221; border_style=&#8221;solid&#8221; use_dropshadow=&#8221;off&#8221;][\/et_pb_blog][et_pb_text admin_label=&#8221;Testo&#8221; _builder_version=&#8221;3.27.4&#8243; background_size=&#8221;initial&#8221; background_position=&#8221;top_left&#8221; background_repeat=&#8221;repeat&#8221; use_border_color=&#8221;off&#8221; border_color=&#8221;#ffffff&#8221; border_style=&#8221;solid&#8221;]<\/p>\n<h4>Al termine percorso formativo per comunicare in modo conVincente, verr\u00e0 consegnato il materiale utilizzato, le presentazioni i\u00a0video e le esercitazioni. Il corso potr\u00e0 essere riproposto, anche in forma parziale, ai collaboratori dei manager.<\/h4>\n<p>[\/et_pb_text][\/et_pb_column][\/et_pb_row][et_pb_row column_structure=&#8221;2_3,1_3&#8243; admin_label=&#8221;row&#8221; _builder_version=&#8221;3.25&#8243; background_size=&#8221;initial&#8221; background_position=&#8221;top_left&#8221; background_repeat=&#8221;repeat&#8221;][et_pb_column type=&#8221;2_3&#8243; _builder_version=&#8221;3.25&#8243; custom_padding=&#8221;|||&#8221; custom_padding__hover=&#8221;|||&#8221;][et_pb_text admin_label=&#8221;Testo&#8221; _builder_version=&#8221;3.27.4&#8243; background_size=&#8221;initial&#8221; background_position=&#8221;top_left&#8221; background_repeat=&#8221;repeat&#8221; use_border_color=&#8221;off&#8221; border_color=&#8221;#ffffff&#8221; border_style=&#8221;solid&#8221;]<\/p>\n<h1>Chi non si Forma si Ferma<\/h1>\n<p>[\/et_pb_text][et_pb_text admin_label=&#8221;corsi&#8221; _builder_version=&#8221;3.27.4&#8243; background_size=&#8221;initial&#8221; background_position=&#8221;top_left&#8221; background_repeat=&#8221;repeat&#8221; use_border_color=&#8221;off&#8221; border_color=&#8221;#ffffff&#8221; border_style=&#8221;solid&#8221;]<\/p>\n<h2><strong>Soluzioni per comunicare e per Vincere insieme<\/strong><\/h2>\n<h4>La vera missione \u00e8 questa:<\/h4>\n<div id=\"attachment_3202\" style=\"width: 138px\" class=\"wp-caption alignleft\"><a href=\"https:\/\/www.gianbattista.it\/cms\/wp-content\/uploads\/2016\/11\/CATALOGO-Corsi-FormAZIONE.pdf\"><img loading=\"lazy\" decoding=\"async\" aria-describedby=\"caption-attachment-3202\" class=\"wp-image-3202\" src=\"https:\/\/www.gianbattista.it\/cms\/wp-content\/uploads\/2016\/06\/GBG-PDF.jpg\" alt=\"\" width=\"128\" height=\"128\" srcset=\"https:\/\/www.gianbattista.it\/cms\/wp-content\/uploads\/2016\/06\/GBG-PDF.jpg 200w, https:\/\/www.gianbattista.it\/cms\/wp-content\/uploads\/2016\/06\/GBG-PDF-150x150.jpg 150w\" sizes=\"(max-width: 128px) 100vw, 128px\" \/><\/a><p id=\"caption-attachment-3202\" class=\"wp-caption-text\">CATALOGO-Corsi-Formazione<\/p><\/div>\n<h3><strong>Aiuto persone di SUCCESSO ad aver fiducia nel loro modo di comunicare e a creare di s\u00e9 e per s\u00e9 la loro IMMAGINE MIGLIORE, con strumenti multimediali e applicazioni tecnologiche avanzate, per far conoscere, promuovere e VENDERE ci\u00f2 che esse realizzano<\/strong><\/h3>\n<h3>Assieme ai colleghi professionisti della comunicazione, Come lo facciamo? Doniamo ai nostri clienti il potere di cambiare i loro pensieri con la nostra Azione di formAzione e Coaching.<\/h3>\n<p>[\/et_pb_text][et_pb_text admin_label=&#8221;corsi&#8221; _builder_version=&#8221;3.27.4&#8243; text_letter_spacing=&#8221;0&#8243; text_line_height=&#8221;1.7&#8243; header_font_size=&#8221;30&#8243; header_letter_spacing=&#8221;0&#8243; header_line_height=&#8221;1&#8243; background_size=&#8221;initial&#8221; background_position=&#8221;top_left&#8221; background_repeat=&#8221;repeat&#8221; use_border_color=&#8221;off&#8221; border_color=&#8221;#ffffff&#8221; border_width=&#8221;1&#8243; border_style=&#8221;solid&#8221;]<\/p>\n<h2><a href=\"https:\/\/www.gianbattista.it\/cms\/finanziamento-corsi\/\"><strong>per finanziare i tuoi corsi usa il Fondo paritetico interprofessionale per la formazione continua<\/strong><\/a><\/h2>\n<p>[\/et_pb_text][\/et_pb_column][et_pb_column type=&#8221;1_3&#8243; _builder_version=&#8221;3.25&#8243; custom_padding=&#8221;|||&#8221; custom_padding__hover=&#8221;|||&#8221;][\/et_pb_column][\/et_pb_row][\/et_pb_section][et_pb_section fb_built=&#8221;1&#8243; fullwidth=&#8221;on&#8221; admin_label=&#8221;Sezione&#8221; _builder_version=&#8221;3.22&#8243;][et_pb_fullwidth_image src=&#8221;https:\/\/www.gianbattista.it\/cms\/wp-content\/uploads\/2016\/06\/OscarBanner.png&#8221; admin_label=&#8221;Immagine a Larghezza Intera&#8221; _builder_version=&#8221;3.0.87&#8243; animation_style=&#8221;slide&#8221; animation_direction=&#8221;left&#8221; animation_duration=&#8221;500ms&#8221; animation_intensity_slide=&#8221;10%&#8221; animation=&#8221;left&#8221; use_border_color=&#8221;off&#8221; border_color=&#8221;#ffffff&#8221; border_style=&#8221;solid&#8221;][\/et_pb_fullwidth_image][\/et_pb_section][et_pb_section fb_built=&#8221;1&#8243; admin_label=&#8221;Sezione&#8221; _builder_version=&#8221;3.22&#8243;][et_pb_row admin_label=&#8221;Riga&#8221; _builder_version=&#8221;3.25&#8243; background_size=&#8221;initial&#8221; background_position=&#8221;top_left&#8221; background_repeat=&#8221;repeat&#8221;][et_pb_column type=&#8221;4_4&#8243; _builder_version=&#8221;3.25&#8243; custom_padding=&#8221;|||&#8221; custom_padding__hover=&#8221;|||&#8221;][et_pb_text admin_label=&#8221;corsi&#8221; _builder_version=&#8221;3.27.4&#8243; background_size=&#8221;initial&#8221; background_position=&#8221;top_left&#8221; background_repeat=&#8221;repeat&#8221; use_border_color=&#8221;off&#8221; border_color=&#8221;#ffffff&#8221; border_style=&#8221;solid&#8221;]Per ottenere il successo, bisogna prima di tutto, CREDERCI, essere partner e condividere i risultati e le azioni, ecco come si riesce a fare la differenza che fa la differenza.<\/p>\n<p>La filosofia e un primo approccio concettuale: ci\u00f2 che \u00e8 bello \u00e8 bello sempre! Ci\u00f2 che funziona, funziona sempre!<\/p>\n<p>Secondo i grandi filosofi, le emozioni ci guidano nel fare e nel far fare la scelta; permettono di affezionarsi per poi donare.<\/p>\n<p>Dalle poche parole che ci siamo scambiati abbiamo compreso: Il miglior mezzo di comunicazione e di vendita OGGI: SIETE VOI. Questo \u00e8 tutto ci\u00f2 che avete a disposizione. Questo fuoco, facciamolo crescere e rinascere assieme.<\/p>\n<p>Spesso incontriamo manager che ci dicono: Immagino di poter far fare quello che voglio io a chiunque. \u00c8 possibile?<\/p>\n<p>Potete immaginare la mia risposta? Che cosa rispondereste Voi?<\/p>\n<p>Durante il percorso di formazione, apriamo la mente ai nostri allievi e verifichiamo quando \u00e8 possibile fare quello che i manager e le persone ci domandano.<\/p>\n<p>&nbsp;<\/p>\n<p>Perch\u00e9 scegliere noi? Come sono i nostri corsi?<\/p>\n<ul>\n<li>Educational (educativi)<\/li>\n<li>Empowered (potenzianti)<\/li>\n<li>Entertaining (divertenti)<\/li>\n<\/ul>\n<p>[\/et_pb_text][\/et_pb_column][\/et_pb_row][\/et_pb_section]<\/p>\n","protected":false},"excerpt":{"rendered":"<p>Al termine percorso formativo per comunicare in modo conVincente, verr\u00e0 consegnato il materiale utilizzato, le presentazioni i\u00a0video e le esercitazioni. Il corso potr\u00e0 essere riproposto, anche in forma parziale, ai collaboratori dei manager. Chi non si Forma si Ferma Soluzioni per comunicare e per Vincere insieme La vera missione \u00e8 questa: Aiuto persone di SUCCESSO [&hellip;]<\/p>\n","protected":false},"author":2,"featured_media":2581,"parent":0,"menu_order":0,"comment_status":"closed","ping_status":"closed","template":"","meta":{"_et_pb_use_builder":"on","_et_pb_old_content":"<h4><strong>ComunicAzione - Motivazione - FormAzione<\/strong><\/h4><h4><strong>Soluzioni per Comunicare in modo ConVincente<\/strong><\/h4><ul><li><h4><strong>Formazione di alta qualit\u00e0 <\/strong>applicata alla comunicazione<\/h4><ul><li><h4><strong>L\u2019ipnosi conversazionale<\/strong><\/h4><\/li><li><h4><strong>Leadership - ComunicAZIONE<\/strong><\/h4><\/li><li><h4><strong>La progettAZIONE del tempo<\/strong><\/h4><\/li><li><h4><strong>Tecniche subliminali per creare reti di vendita<\/strong><\/h4><\/li><li><h4><strong>Strategie per conVINCERE se stessi e gli altri<\/strong><\/h4><\/li><li><h4><strong>Memorizzazione e lettura rapida<\/strong><\/h4><\/li><li><h4><strong>Coaching<\/strong><\/h4><\/li><\/ul><\/li><li><h4><strong>Presentazioni <\/strong><strong>straordinariamente professionali con video,<\/strong> audio, grafici personalizzati e con la formazione necessaria per come parlare e presentare in pubblico la tua idea<\/h4><ul><li><h4><strong>PowerPoint \u2013 efficacemente con strumenti Multimediali<\/strong><\/h4><\/li><li><h4><strong>Produrre Video per convincere<\/strong><\/h4><\/li><li><h4><strong>Preparare Dispense digitali straordinarie<\/strong><\/h4><\/li><li><h4><strong>Parlare in pubblico per conVINCERE<\/strong><\/h4><\/li><\/ul><\/li><\/ul>","_et_gb_content_width":"","footnotes":""},"yoast_head":"<!-- This site is optimized with the Yoast SEO plugin v23.4 - https:\/\/yoast.com\/wordpress\/plugins\/seo\/ -->\n<title>corsi per comunicare in modo conVincente - Gian Battista Gualdi<\/title>\n<meta name=\"description\" content=\"Soluzioni per Comunicare e per Vincere Insieme Quando illustriamo un incontro e vogliamo spiegare cosa facciamo davvero diciamo QUAL \u00c8 LA NOSTRA MISSIONE:\" \/>\n<meta name=\"robots\" content=\"index, follow, max-snippet:-1, max-image-preview:large, max-video-preview:-1\" \/>\n<link rel=\"canonical\" href=\"https:\/\/www.gianbattista.it\/cms\/soluzioni-comunicare-modo-convincente\/\" \/>\n<meta property=\"og:locale\" content=\"it_IT\" \/>\n<meta property=\"og:type\" content=\"article\" \/>\n<meta property=\"og:title\" content=\"corsi per comunicare in modo conVincente - Gian Battista Gualdi\" \/>\n<meta property=\"og:description\" content=\"Soluzioni per Comunicare e per Vincere Insieme Quando illustriamo un incontro e vogliamo spiegare cosa facciamo davvero diciamo QUAL \u00c8 LA NOSTRA MISSIONE:\" \/>\n<meta property=\"og:url\" content=\"https:\/\/www.gianbattista.it\/cms\/soluzioni-comunicare-modo-convincente\/\" \/>\n<meta property=\"og:site_name\" content=\"Gian Battista Gualdi\" \/>\n<meta property=\"article:publisher\" content=\"https:\/\/www.facebook.com\/gianbattistagualdi\" \/>\n<meta property=\"article:modified_time\" content=\"2020-10-01T08:01:06+00:00\" \/>\n<meta property=\"og:image\" content=\"https:\/\/www.gianbattista.it\/cms\/wp-content\/uploads\/2016\/06\/Oscar.png\" \/>\n\t<meta property=\"og:image:width\" content=\"538\" \/>\n\t<meta property=\"og:image:height\" content=\"218\" \/>\n\t<meta property=\"og:image:type\" content=\"image\/png\" \/>\n<meta name=\"twitter:label1\" content=\"Tempo di lettura stimato\" \/>\n\t<meta name=\"twitter:data1\" content=\"4 minuti\" \/>\n<script type=\"application\/ld+json\" class=\"yoast-schema-graph\">{\"@context\":\"https:\/\/schema.org\",\"@graph\":[{\"@type\":\"WebPage\",\"@id\":\"https:\/\/www.gianbattista.it\/cms\/soluzioni-comunicare-modo-convincente\/\",\"url\":\"https:\/\/www.gianbattista.it\/cms\/soluzioni-comunicare-modo-convincente\/\",\"name\":\"corsi per comunicare in modo conVincente - Gian Battista Gualdi\",\"isPartOf\":{\"@id\":\"https:\/\/www.gianbattista.it\/cms\/#website\"},\"primaryImageOfPage\":{\"@id\":\"https:\/\/www.gianbattista.it\/cms\/soluzioni-comunicare-modo-convincente\/#primaryimage\"},\"image\":{\"@id\":\"https:\/\/www.gianbattista.it\/cms\/soluzioni-comunicare-modo-convincente\/#primaryimage\"},\"thumbnailUrl\":\"https:\/\/www.gianbattista.it\/cms\/wp-content\/uploads\/2016\/06\/Oscar.png\",\"datePublished\":\"2016-06-05T12:58:44+00:00\",\"dateModified\":\"2020-10-01T08:01:06+00:00\",\"description\":\"Soluzioni per Comunicare e per Vincere Insieme Quando illustriamo un incontro e vogliamo spiegare cosa facciamo davvero diciamo QUAL \u00c8 LA NOSTRA MISSIONE:\",\"breadcrumb\":{\"@id\":\"https:\/\/www.gianbattista.it\/cms\/soluzioni-comunicare-modo-convincente\/#breadcrumb\"},\"inLanguage\":\"it-IT\",\"potentialAction\":[{\"@type\":\"ReadAction\",\"target\":[\"https:\/\/www.gianbattista.it\/cms\/soluzioni-comunicare-modo-convincente\/\"]}]},{\"@type\":\"ImageObject\",\"inLanguage\":\"it-IT\",\"@id\":\"https:\/\/www.gianbattista.it\/cms\/soluzioni-comunicare-modo-convincente\/#primaryimage\",\"url\":\"https:\/\/www.gianbattista.it\/cms\/wp-content\/uploads\/2016\/06\/Oscar.png\",\"contentUrl\":\"https:\/\/www.gianbattista.it\/cms\/wp-content\/uploads\/2016\/06\/Oscar.png\",\"width\":538,\"height\":218,\"caption\":\"comunicare\"},{\"@type\":\"BreadcrumbList\",\"@id\":\"https:\/\/www.gianbattista.it\/cms\/soluzioni-comunicare-modo-convincente\/#breadcrumb\",\"itemListElement\":[{\"@type\":\"ListItem\",\"position\":1,\"name\":\"Home\",\"item\":\"https:\/\/www.gianbattista.it\/cms\/\"},{\"@type\":\"ListItem\",\"position\":2,\"name\":\"corsi per comunicare in modo conVincente\"}]},{\"@type\":\"WebSite\",\"@id\":\"https:\/\/www.gianbattista.it\/cms\/#website\",\"url\":\"https:\/\/www.gianbattista.it\/cms\/\",\"name\":\"Gian Battista Gualdi\",\"description\":\"chiediti sempre il meglio\",\"publisher\":{\"@id\":\"https:\/\/www.gianbattista.it\/cms\/#organization\"},\"potentialAction\":[{\"@type\":\"SearchAction\",\"target\":{\"@type\":\"EntryPoint\",\"urlTemplate\":\"https:\/\/www.gianbattista.it\/cms\/?s={search_term_string}\"},\"query-input\":{\"@type\":\"PropertyValueSpecification\",\"valueRequired\":true,\"valueName\":\"search_term_string\"}}],\"inLanguage\":\"it-IT\"},{\"@type\":\"Organization\",\"@id\":\"https:\/\/www.gianbattista.it\/cms\/#organization\",\"name\":\"Gian Battista Gualdi\",\"url\":\"https:\/\/www.gianbattista.it\/cms\/\",\"logo\":{\"@type\":\"ImageObject\",\"inLanguage\":\"it-IT\",\"@id\":\"https:\/\/www.gianbattista.it\/cms\/#\/schema\/logo\/image\/\",\"url\":\"https:\/\/www.gianbattista.it\/cms\/wp-content\/uploads\/2016\/07\/GBG150.png\",\"contentUrl\":\"https:\/\/www.gianbattista.it\/cms\/wp-content\/uploads\/2016\/07\/GBG150.png\",\"width\":105,\"height\":70,\"caption\":\"Gian Battista Gualdi\"},\"image\":{\"@id\":\"https:\/\/www.gianbattista.it\/cms\/#\/schema\/logo\/image\/\"},\"sameAs\":[\"https:\/\/www.facebook.com\/gianbattistagualdi\",\"https:\/\/x.com\/gualdigb\",\"https:\/\/www.linkedin.com\/in\/gian-battista-gualdi-08781941?authType=NAME_SEARCH&amp;amp;amp;authToken=gMGk&amp;amp;amp;locale=it_IT&amp;amp;amp;trk=tyah&amp;amp;amp;trkInfo=clickedVertical:mynetwork,clickedEntityId:148340263,authType:NAME_SEARCH,idx:1-1-1,tarId:1467301191561,tas:gian battista\",\"https:\/\/www.youtube.com\/channel\/UC-02_zSXunzSWcH89_GVN_w\"]}]}<\/script>\n<!-- \/ Yoast SEO plugin. -->","yoast_head_json":{"title":"corsi per comunicare in modo conVincente - Gian Battista Gualdi","description":"Soluzioni per Comunicare e per Vincere Insieme Quando illustriamo un incontro e vogliamo spiegare cosa facciamo davvero diciamo QUAL \u00c8 LA NOSTRA MISSIONE:","robots":{"index":"index","follow":"follow","max-snippet":"max-snippet:-1","max-image-preview":"max-image-preview:large","max-video-preview":"max-video-preview:-1"},"canonical":"https:\/\/www.gianbattista.it\/cms\/soluzioni-comunicare-modo-convincente\/","og_locale":"it_IT","og_type":"article","og_title":"corsi per comunicare in modo conVincente - Gian Battista Gualdi","og_description":"Soluzioni per Comunicare e per Vincere Insieme Quando illustriamo un incontro e vogliamo spiegare cosa facciamo davvero diciamo QUAL \u00c8 LA NOSTRA MISSIONE:","og_url":"https:\/\/www.gianbattista.it\/cms\/soluzioni-comunicare-modo-convincente\/","og_site_name":"Gian Battista Gualdi","article_publisher":"https:\/\/www.facebook.com\/gianbattistagualdi","article_modified_time":"2020-10-01T08:01:06+00:00","og_image":[{"width":538,"height":218,"url":"https:\/\/www.gianbattista.it\/cms\/wp-content\/uploads\/2016\/06\/Oscar.png","type":"image\/png"}],"twitter_misc":{"Tempo di lettura stimato":"4 minuti"},"schema":{"@context":"https:\/\/schema.org","@graph":[{"@type":"WebPage","@id":"https:\/\/www.gianbattista.it\/cms\/soluzioni-comunicare-modo-convincente\/","url":"https:\/\/www.gianbattista.it\/cms\/soluzioni-comunicare-modo-convincente\/","name":"corsi per comunicare in modo conVincente - Gian Battista Gualdi","isPartOf":{"@id":"https:\/\/www.gianbattista.it\/cms\/#website"},"primaryImageOfPage":{"@id":"https:\/\/www.gianbattista.it\/cms\/soluzioni-comunicare-modo-convincente\/#primaryimage"},"image":{"@id":"https:\/\/www.gianbattista.it\/cms\/soluzioni-comunicare-modo-convincente\/#primaryimage"},"thumbnailUrl":"https:\/\/www.gianbattista.it\/cms\/wp-content\/uploads\/2016\/06\/Oscar.png","datePublished":"2016-06-05T12:58:44+00:00","dateModified":"2020-10-01T08:01:06+00:00","description":"Soluzioni per Comunicare e per Vincere Insieme Quando illustriamo un incontro e vogliamo spiegare cosa facciamo davvero diciamo QUAL \u00c8 LA NOSTRA MISSIONE:","breadcrumb":{"@id":"https:\/\/www.gianbattista.it\/cms\/soluzioni-comunicare-modo-convincente\/#breadcrumb"},"inLanguage":"it-IT","potentialAction":[{"@type":"ReadAction","target":["https:\/\/www.gianbattista.it\/cms\/soluzioni-comunicare-modo-convincente\/"]}]},{"@type":"ImageObject","inLanguage":"it-IT","@id":"https:\/\/www.gianbattista.it\/cms\/soluzioni-comunicare-modo-convincente\/#primaryimage","url":"https:\/\/www.gianbattista.it\/cms\/wp-content\/uploads\/2016\/06\/Oscar.png","contentUrl":"https:\/\/www.gianbattista.it\/cms\/wp-content\/uploads\/2016\/06\/Oscar.png","width":538,"height":218,"caption":"comunicare"},{"@type":"BreadcrumbList","@id":"https:\/\/www.gianbattista.it\/cms\/soluzioni-comunicare-modo-convincente\/#breadcrumb","itemListElement":[{"@type":"ListItem","position":1,"name":"Home","item":"https:\/\/www.gianbattista.it\/cms\/"},{"@type":"ListItem","position":2,"name":"corsi per comunicare in modo conVincente"}]},{"@type":"WebSite","@id":"https:\/\/www.gianbattista.it\/cms\/#website","url":"https:\/\/www.gianbattista.it\/cms\/","name":"Gian Battista Gualdi","description":"chiediti sempre il meglio","publisher":{"@id":"https:\/\/www.gianbattista.it\/cms\/#organization"},"potentialAction":[{"@type":"SearchAction","target":{"@type":"EntryPoint","urlTemplate":"https:\/\/www.gianbattista.it\/cms\/?s={search_term_string}"},"query-input":{"@type":"PropertyValueSpecification","valueRequired":true,"valueName":"search_term_string"}}],"inLanguage":"it-IT"},{"@type":"Organization","@id":"https:\/\/www.gianbattista.it\/cms\/#organization","name":"Gian Battista Gualdi","url":"https:\/\/www.gianbattista.it\/cms\/","logo":{"@type":"ImageObject","inLanguage":"it-IT","@id":"https:\/\/www.gianbattista.it\/cms\/#\/schema\/logo\/image\/","url":"https:\/\/www.gianbattista.it\/cms\/wp-content\/uploads\/2016\/07\/GBG150.png","contentUrl":"https:\/\/www.gianbattista.it\/cms\/wp-content\/uploads\/2016\/07\/GBG150.png","width":105,"height":70,"caption":"Gian Battista Gualdi"},"image":{"@id":"https:\/\/www.gianbattista.it\/cms\/#\/schema\/logo\/image\/"},"sameAs":["https:\/\/www.facebook.com\/gianbattistagualdi","https:\/\/x.com\/gualdigb","https:\/\/www.linkedin.com\/in\/gian-battista-gualdi-08781941?authType=NAME_SEARCH&amp;amp;amp;authToken=gMGk&amp;amp;amp;locale=it_IT&amp;amp;amp;trk=tyah&amp;amp;amp;trkInfo=clickedVertical:mynetwork,clickedEntityId:148340263,authType:NAME_SEARCH,idx:1-1-1,tarId:1467301191561,tas:gian battista","https:\/\/www.youtube.com\/channel\/UC-02_zSXunzSWcH89_GVN_w"]}]}},"_links":{"self":[{"href":"https:\/\/www.gianbattista.it\/cms\/wp-json\/wp\/v2\/pages\/2080"}],"collection":[{"href":"https:\/\/www.gianbattista.it\/cms\/wp-json\/wp\/v2\/pages"}],"about":[{"href":"https:\/\/www.gianbattista.it\/cms\/wp-json\/wp\/v2\/types\/page"}],"author":[{"embeddable":true,"href":"https:\/\/www.gianbattista.it\/cms\/wp-json\/wp\/v2\/users\/2"}],"replies":[{"embeddable":true,"href":"https:\/\/www.gianbattista.it\/cms\/wp-json\/wp\/v2\/comments?post=2080"}],"version-history":[{"count":0,"href":"https:\/\/www.gianbattista.it\/cms\/wp-json\/wp\/v2\/pages\/2080\/revisions"}],"wp:featuredmedia":[{"embeddable":true,"href":"https:\/\/www.gianbattista.it\/cms\/wp-json\/wp\/v2\/media\/2581"}],"wp:attachment":[{"href":"https:\/\/www.gianbattista.it\/cms\/wp-json\/wp\/v2\/media?parent=2080"}],"curies":[{"name":"wp","href":"https:\/\/api.w.org\/{rel}","templated":true}]}}